{"id":276,"date":"2016-11-15T20:17:46","date_gmt":"2016-11-15T19:17:46","guid":{"rendered":"https:\/\/rhenoy.nl\/over-rhenoy\/"},"modified":"2024-09-25T15:06:45","modified_gmt":"2024-09-25T13:06:45","slug":"ueber-rhenoy","status":"publish","type":"page","link":"https:\/\/rhenoy.nl\/de\/ueber-rhenoy\/","title":{"rendered":"\u00dcber Rhenoy"},"content":{"rendered":"<p>Die Rhenoy Gruppe hat sich von einem Autodemontagebetrieb zu einer tonangebenden Firmengruppe auf dem Automobilmarkt entwickelt. Die Rhenoy Betriebe sind spezialisiert auf den Handel mit besch\u00e4digten Autos, benutzten, ausgebesserten und neuen Autoteilen. Unterschiedliche Betriebe, je mit ihrer eigenen Spezialisierung machen die Rhenoy Gruppe zu einmaligen Spezialisten. Die Rhenoy Gruppe hat ihr Hauptquartier in Waardenburg und verf\u00fcgt dort \u00fcber 38.000 m\u00b2 Speicher- und Betriebsgel\u00e4nde.<\/p>\n<h2>Qualit\u00e4t<\/h2>\n<p>F\u00fcr die Rhenoy Gruppe und die dazugeh\u00f6rigen Tochterbetriebe stehen Qualit\u00e4t an erster Stelle. Um diese Qualit\u00e4t zu pr\u00fcfen und zu gew\u00e4hrleisten innerhalb der Organisation, verf\u00fcgt die Rhenoy Gruppe \u00fcber die Zertifikate KZD*** en ISO 9001. Unser Dienst richtet sich nach dem Kunden, die Spezialisten Rhenoys stehen parat f\u00fcr alle Ihre Mobilit\u00e4tsfragen. Kontaktieren Sie uns und fragen Sie nach den M\u00f6glichkeiten.<\/p>\n<h2>Abteilungen<\/h2>\n<p>Die multidisziplinarische Betriebsf\u00fchrung besteht aus den Abteilungen: <a href=\"\/?page_id=128\">Rhenoy Autoteile<\/a>, <a href=\"\/?page_id=31\">Rhenoy Waardenburg<\/a> en <a href=\"\/?page_id=33\">TSC Waardenburg<\/a>.<\/p>\n","protected":false},"excerpt":{"rendered":"<p>Die Rhenoy Gruppe hat sich von einem Autodemontagebetrieb zu einer tonangebenden Firmengruppe auf dem Automobilmarkt entwickelt. Die Rhenoy Betriebe sind spezialisiert auf den Handel mit besch\u00e4digten Autos, benutzten, ausgebesserten und neuen Autoteilen. Unterschiedliche Betriebe, je mit ihrer eigenen Spezialisierung machen die Rhenoy Gruppe zu einmaligen Spezialisten. Die Rhenoy Gruppe hat ihr Hauptquartier in Waardenburg und [&hellip;]<\/p>\n","protected":false},"author":1,"featured_media":0,"parent":0,"menu_order":10,"comment_status":"closed","ping_status":"closed","template":"","meta":{"_acf_changed":false,"footnotes":""},"class_list":["post-276","page","type-page","status-publish","hentry"],"acf":[],"yoast_head":"<!-- This site is optimized with the Yoast SEO plugin v27.3 - https:\/\/yoast.com\/product\/yoast-seo-wordpress\/ -->\n<title>\u00dcber Rhenoy - Rhenoy<\/title>\n<meta name=\"robots\" content=\"index, follow, max-snippet:-1, max-image-preview:large, max-video-preview:-1\" \/>\n<meta property=\"og:locale\" content=\"de_DE\" \/>\n<meta property=\"og:type\" content=\"article\" \/>\n<meta property=\"og:title\" content=\"\u00dcber Rhenoy - Rhenoy\" \/>\n<meta property=\"og:description\" content=\"Die Rhenoy Gruppe hat sich von einem Autodemontagebetrieb zu einer tonangebenden Firmengruppe auf dem Automobilmarkt entwickelt. Die Rhenoy Betriebe sind spezialisiert auf den Handel mit besch\u00e4digten Autos, benutzten, ausgebesserten und neuen Autoteilen. Unterschiedliche Betriebe, je mit ihrer eigenen Spezialisierung machen die Rhenoy Gruppe zu einmaligen Spezialisten. Die Rhenoy Gruppe hat ihr Hauptquartier in Waardenburg und [&hellip;]\" \/>\n<meta property=\"og:url\" content=\"https:\/\/rhenoy.nl\/de\/ueber-rhenoy\/\" \/>\n<meta property=\"og:site_name\" content=\"Rhenoy\" \/>\n<meta property=\"article:modified_time\" content=\"2024-09-25T13:06:45+00:00\" \/>\n<meta name=\"twitter:card\" content=\"summary_large_image\" \/>\n<meta name=\"twitter:label1\" content=\"Gesch\u00e4tzte Lesezeit\" \/>\n\t<meta name=\"twitter:data1\" content=\"1\u00a0Minute\" \/>\n<script type=\"application\/ld+json\" class=\"yoast-schema-graph\">{\"@context\":\"https:\\\/\\\/schema.org\",\"@graph\":[{\"@type\":\"WebPage\",\"@id\":\"https:\\\/\\\/rhenoy.nl\\\/de\\\/ueber-rhenoy\\\/\",\"url\":\"https:\\\/\\\/rhenoy.nl\\\/de\\\/ueber-rhenoy\\\/\",\"name\":\"\u00dcber Rhenoy - Rhenoy\",\"isPartOf\":{\"@id\":\"https:\\\/\\\/rhenoy.nl\\\/#website\"},\"datePublished\":\"2016-11-15T19:17:46+00:00\",\"dateModified\":\"2024-09-25T13:06:45+00:00\",\"breadcrumb\":{\"@id\":\"https:\\\/\\\/rhenoy.nl\\\/de\\\/ueber-rhenoy\\\/#breadcrumb\"},\"inLanguage\":\"de\",\"potentialAction\":[{\"@type\":\"ReadAction\",\"target\":[\"https:\\\/\\\/rhenoy.nl\\\/de\\\/ueber-rhenoy\\\/\"]}]},{\"@type\":\"BreadcrumbList\",\"@id\":\"https:\\\/\\\/rhenoy.nl\\\/de\\\/ueber-rhenoy\\\/#breadcrumb\",\"itemListElement\":[{\"@type\":\"ListItem\",\"position\":1,\"name\":\"Home\",\"item\":\"https:\\\/\\\/rhenoy.nl\\\/de\\\/\"},{\"@type\":\"ListItem\",\"position\":2,\"name\":\"\u00dcber Rhenoy\"}]},{\"@type\":\"WebSite\",\"@id\":\"https:\\\/\\\/rhenoy.nl\\\/#website\",\"url\":\"https:\\\/\\\/rhenoy.nl\\\/\",\"name\":\"Rhenoy\",\"description\":\"\",\"potentialAction\":[{\"@type\":\"SearchAction\",\"target\":{\"@type\":\"EntryPoint\",\"urlTemplate\":\"https:\\\/\\\/rhenoy.nl\\\/?s={search_term_string}\"},\"query-input\":{\"@type\":\"PropertyValueSpecification\",\"valueRequired\":true,\"valueName\":\"search_term_string\"}}],\"inLanguage\":\"de\"}]}<\/script>\n<!-- \/ Yoast SEO plugin. -->","yoast_head_json":{"title":"\u00dcber Rhenoy - Rhenoy","robots":{"index":"index","follow":"follow","max-snippet":"max-snippet:-1","max-image-preview":"max-image-preview:large","max-video-preview":"max-video-preview:-1"},"og_locale":"de_DE","og_type":"article","og_title":"\u00dcber Rhenoy - Rhenoy","og_description":"Die Rhenoy Gruppe hat sich von einem Autodemontagebetrieb zu einer tonangebenden Firmengruppe auf dem Automobilmarkt entwickelt. Die Rhenoy Betriebe sind spezialisiert auf den Handel mit besch\u00e4digten Autos, benutzten, ausgebesserten und neuen Autoteilen. Unterschiedliche Betriebe, je mit ihrer eigenen Spezialisierung machen die Rhenoy Gruppe zu einmaligen Spezialisten. Die Rhenoy Gruppe hat ihr Hauptquartier in Waardenburg und [&hellip;]","og_url":"https:\/\/rhenoy.nl\/de\/ueber-rhenoy\/","og_site_name":"Rhenoy","article_modified_time":"2024-09-25T13:06:45+00:00","twitter_card":"summary_large_image","twitter_misc":{"Gesch\u00e4tzte Lesezeit":"1\u00a0Minute"},"schema":{"@context":"https:\/\/schema.org","@graph":[{"@type":"WebPage","@id":"https:\/\/rhenoy.nl\/de\/ueber-rhenoy\/","url":"https:\/\/rhenoy.nl\/de\/ueber-rhenoy\/","name":"\u00dcber Rhenoy - Rhenoy","isPartOf":{"@id":"https:\/\/rhenoy.nl\/#website"},"datePublished":"2016-11-15T19:17:46+00:00","dateModified":"2024-09-25T13:06:45+00:00","breadcrumb":{"@id":"https:\/\/rhenoy.nl\/de\/ueber-rhenoy\/#breadcrumb"},"inLanguage":"de","potentialAction":[{"@type":"ReadAction","target":["https:\/\/rhenoy.nl\/de\/ueber-rhenoy\/"]}]},{"@type":"BreadcrumbList","@id":"https:\/\/rhenoy.nl\/de\/ueber-rhenoy\/#breadcrumb","itemListElement":[{"@type":"ListItem","position":1,"name":"Home","item":"https:\/\/rhenoy.nl\/de\/"},{"@type":"ListItem","position":2,"name":"\u00dcber Rhenoy"}]},{"@type":"WebSite","@id":"https:\/\/rhenoy.nl\/#website","url":"https:\/\/rhenoy.nl\/","name":"Rhenoy","description":"","potentialAction":[{"@type":"SearchAction","target":{"@type":"EntryPoint","urlTemplate":"https:\/\/rhenoy.nl\/?s={search_term_string}"},"query-input":{"@type":"PropertyValueSpecification","valueRequired":true,"valueName":"search_term_string"}}],"inLanguage":"de"}]}},"_links":{"self":[{"href":"https:\/\/rhenoy.nl\/de\/wp-json\/wp\/v2\/pages\/276","targetHints":{"allow":["GET"]}}],"collection":[{"href":"https:\/\/rhenoy.nl\/de\/wp-json\/wp\/v2\/pages"}],"about":[{"href":"https:\/\/rhenoy.nl\/de\/wp-json\/wp\/v2\/types\/page"}],"author":[{"embeddable":true,"href":"https:\/\/rhenoy.nl\/de\/wp-json\/wp\/v2\/users\/1"}],"replies":[{"embeddable":true,"href":"https:\/\/rhenoy.nl\/de\/wp-json\/wp\/v2\/comments?post=276"}],"version-history":[{"count":0,"href":"https:\/\/rhenoy.nl\/de\/wp-json\/wp\/v2\/pages\/276\/revisions"}],"wp:attachment":[{"href":"https:\/\/rhenoy.nl\/de\/wp-json\/wp\/v2\/media?parent=276"}],"curies":[{"name":"wp","href":"https:\/\/api.w.org\/{rel}","templated":true}]}}