{"id":277,"date":"2016-11-15T20:13:20","date_gmt":"2016-11-15T19:13:20","guid":{"rendered":"https:\/\/rhenoy.nl\/gebruikte-onderdelen\/"},"modified":"2017-10-23T16:44:41","modified_gmt":"2017-10-23T14:44:41","slug":"benutzte-autoteile","status":"publish","type":"page","link":"https:\/\/rhenoy.nl\/de\/dienstleistungen\/benutzte-autoteile\/","title":{"rendered":"Benutzte Autoteile"},"content":{"rendered":"<p>Rhenoy ist seit Jahren bereits der Lieferant f\u00fcr alle benutzten Autoteile, vom Motor bis zur Gangschaltung, vom Turbo bis Steuerhaus, von der Motorkappe bis zur Kofferraumklappe. Wir verf\u00fcgen \u00fcber einen gro\u00dfen Vorrat an Autoteilen aller Marken. Weil wir tagt\u00e4glich Autos demontieren wird unser Vorrat t\u00e4glich angef\u00fcllt und ausgebreitet. Steht Ihr Autoteil nicht dabei? Kontaktieren Sie uns dann kurz \u00fcber 0418 657474 oder schreiben Sie eine E-Mail an onderdelen@rhenoy.nl<\/p>\n","protected":false},"excerpt":{"rendered":"<p>Rhenoy ist seit Jahren bereits der Lieferant f\u00fcr alle benutzten Autoteile, vom Motor bis zur Gangschaltung, vom Turbo bis Steuerhaus, von der Motorkappe bis zur Kofferraumklappe. Wir verf\u00fcgen \u00fcber einen gro\u00dfen Vorrat an Autoteilen aller Marken. Weil wir tagt\u00e4glich Autos demontieren wird unser Vorrat t\u00e4glich angef\u00fcllt und ausgebreitet. Steht Ihr Autoteil nicht dabei? Kontaktieren Sie [&hellip;]<\/p>\n","protected":false},"author":1,"featured_media":0,"parent":295,"menu_order":0,"comment_status":"closed","ping_status":"closed","template":"used-parts.php","meta":{"_acf_changed":false,"footnotes":""},"class_list":["post-277","page","type-page","status-publish","hentry"],"acf":[],"yoast_head":"<!-- This site is optimized with the Yoast SEO plugin v27.4 - https:\/\/yoast.com\/product\/yoast-seo-wordpress\/ -->\n<title>Benutzte Autoteile - Rhenoy<\/title>\n<meta name=\"robots\" content=\"index, follow, max-snippet:-1, max-image-preview:large, max-video-preview:-1\" \/>\n<meta property=\"og:locale\" content=\"de_DE\" \/>\n<meta property=\"og:type\" content=\"article\" \/>\n<meta property=\"og:title\" content=\"Benutzte Autoteile - Rhenoy\" \/>\n<meta property=\"og:description\" content=\"Rhenoy ist seit Jahren bereits der Lieferant f\u00fcr alle benutzten Autoteile, vom Motor bis zur Gangschaltung, vom Turbo bis Steuerhaus, von der Motorkappe bis zur Kofferraumklappe. Wir verf\u00fcgen \u00fcber einen gro\u00dfen Vorrat an Autoteilen aller Marken. Weil wir tagt\u00e4glich Autos demontieren wird unser Vorrat t\u00e4glich angef\u00fcllt und ausgebreitet. Steht Ihr Autoteil nicht dabei? Kontaktieren Sie [&hellip;]\" \/>\n<meta property=\"og:url\" content=\"https:\/\/rhenoy.nl\/de\/dienstleistungen\/benutzte-autoteile\/\" \/>\n<meta property=\"og:site_name\" content=\"Rhenoy\" \/>\n<meta property=\"article:modified_time\" content=\"2017-10-23T14:44:41+00:00\" \/>\n<meta name=\"twitter:card\" content=\"summary_large_image\" \/>\n<script type=\"application\/ld+json\" class=\"yoast-schema-graph\">{\"@context\":\"https:\\\/\\\/schema.org\",\"@graph\":[{\"@type\":\"WebPage\",\"@id\":\"https:\\\/\\\/rhenoy.nl\\\/de\\\/dienstleistungen\\\/benutzte-autoteile\\\/\",\"url\":\"https:\\\/\\\/rhenoy.nl\\\/de\\\/dienstleistungen\\\/benutzte-autoteile\\\/\",\"name\":\"Benutzte Autoteile - Rhenoy\",\"isPartOf\":{\"@id\":\"https:\\\/\\\/rhenoy.nl\\\/#website\"},\"datePublished\":\"2016-11-15T19:13:20+00:00\",\"dateModified\":\"2017-10-23T14:44:41+00:00\",\"breadcrumb\":{\"@id\":\"https:\\\/\\\/rhenoy.nl\\\/de\\\/dienstleistungen\\\/benutzte-autoteile\\\/#breadcrumb\"},\"inLanguage\":\"de\",\"potentialAction\":[{\"@type\":\"ReadAction\",\"target\":[\"https:\\\/\\\/rhenoy.nl\\\/de\\\/dienstleistungen\\\/benutzte-autoteile\\\/\"]}]},{\"@type\":\"BreadcrumbList\",\"@id\":\"https:\\\/\\\/rhenoy.nl\\\/de\\\/dienstleistungen\\\/benutzte-autoteile\\\/#breadcrumb\",\"itemListElement\":[{\"@type\":\"ListItem\",\"position\":1,\"name\":\"Home\",\"item\":\"https:\\\/\\\/rhenoy.nl\\\/de\\\/\"},{\"@type\":\"ListItem\",\"position\":2,\"name\":\"Dienstleistungen\",\"item\":\"https:\\\/\\\/rhenoy.nl\\\/de\\\/dienstleistungen\\\/\"},{\"@type\":\"ListItem\",\"position\":3,\"name\":\"Benutzte Autoteile\"}]},{\"@type\":\"WebSite\",\"@id\":\"https:\\\/\\\/rhenoy.nl\\\/#website\",\"url\":\"https:\\\/\\\/rhenoy.nl\\\/\",\"name\":\"Rhenoy\",\"description\":\"\",\"potentialAction\":[{\"@type\":\"SearchAction\",\"target\":{\"@type\":\"EntryPoint\",\"urlTemplate\":\"https:\\\/\\\/rhenoy.nl\\\/?s={search_term_string}\"},\"query-input\":{\"@type\":\"PropertyValueSpecification\",\"valueRequired\":true,\"valueName\":\"search_term_string\"}}],\"inLanguage\":\"de\"}]}<\/script>\n<!-- \/ Yoast SEO plugin. -->","yoast_head_json":{"title":"Benutzte Autoteile - Rhenoy","robots":{"index":"index","follow":"follow","max-snippet":"max-snippet:-1","max-image-preview":"max-image-preview:large","max-video-preview":"max-video-preview:-1"},"og_locale":"de_DE","og_type":"article","og_title":"Benutzte Autoteile - Rhenoy","og_description":"Rhenoy ist seit Jahren bereits der Lieferant f\u00fcr alle benutzten Autoteile, vom Motor bis zur Gangschaltung, vom Turbo bis Steuerhaus, von der Motorkappe bis zur Kofferraumklappe. Wir verf\u00fcgen \u00fcber einen gro\u00dfen Vorrat an Autoteilen aller Marken. Weil wir tagt\u00e4glich Autos demontieren wird unser Vorrat t\u00e4glich angef\u00fcllt und ausgebreitet. Steht Ihr Autoteil nicht dabei? Kontaktieren Sie [&hellip;]","og_url":"https:\/\/rhenoy.nl\/de\/dienstleistungen\/benutzte-autoteile\/","og_site_name":"Rhenoy","article_modified_time":"2017-10-23T14:44:41+00:00","twitter_card":"summary_large_image","schema":{"@context":"https:\/\/schema.org","@graph":[{"@type":"WebPage","@id":"https:\/\/rhenoy.nl\/de\/dienstleistungen\/benutzte-autoteile\/","url":"https:\/\/rhenoy.nl\/de\/dienstleistungen\/benutzte-autoteile\/","name":"Benutzte Autoteile - Rhenoy","isPartOf":{"@id":"https:\/\/rhenoy.nl\/#website"},"datePublished":"2016-11-15T19:13:20+00:00","dateModified":"2017-10-23T14:44:41+00:00","breadcrumb":{"@id":"https:\/\/rhenoy.nl\/de\/dienstleistungen\/benutzte-autoteile\/#breadcrumb"},"inLanguage":"de","potentialAction":[{"@type":"ReadAction","target":["https:\/\/rhenoy.nl\/de\/dienstleistungen\/benutzte-autoteile\/"]}]},{"@type":"BreadcrumbList","@id":"https:\/\/rhenoy.nl\/de\/dienstleistungen\/benutzte-autoteile\/#breadcrumb","itemListElement":[{"@type":"ListItem","position":1,"name":"Home","item":"https:\/\/rhenoy.nl\/de\/"},{"@type":"ListItem","position":2,"name":"Dienstleistungen","item":"https:\/\/rhenoy.nl\/de\/dienstleistungen\/"},{"@type":"ListItem","position":3,"name":"Benutzte Autoteile"}]},{"@type":"WebSite","@id":"https:\/\/rhenoy.nl\/#website","url":"https:\/\/rhenoy.nl\/","name":"Rhenoy","description":"","potentialAction":[{"@type":"SearchAction","target":{"@type":"EntryPoint","urlTemplate":"https:\/\/rhenoy.nl\/?s={search_term_string}"},"query-input":{"@type":"PropertyValueSpecification","valueRequired":true,"valueName":"search_term_string"}}],"inLanguage":"de"}]}},"_links":{"self":[{"href":"https:\/\/rhenoy.nl\/de\/wp-json\/wp\/v2\/pages\/277","targetHints":{"allow":["GET"]}}],"collection":[{"href":"https:\/\/rhenoy.nl\/de\/wp-json\/wp\/v2\/pages"}],"about":[{"href":"https:\/\/rhenoy.nl\/de\/wp-json\/wp\/v2\/types\/page"}],"author":[{"embeddable":true,"href":"https:\/\/rhenoy.nl\/de\/wp-json\/wp\/v2\/users\/1"}],"replies":[{"embeddable":true,"href":"https:\/\/rhenoy.nl\/de\/wp-json\/wp\/v2\/comments?post=277"}],"version-history":[{"count":0,"href":"https:\/\/rhenoy.nl\/de\/wp-json\/wp\/v2\/pages\/277\/revisions"}],"up":[{"embeddable":true,"href":"https:\/\/rhenoy.nl\/de\/wp-json\/wp\/v2\/pages\/295"}],"wp:attachment":[{"href":"https:\/\/rhenoy.nl\/de\/wp-json\/wp\/v2\/media?parent=277"}],"curies":[{"name":"wp","href":"https:\/\/api.w.org\/{rel}","templated":true}]}}