{"id":279,"date":"2016-11-15T20:13:42","date_gmt":"2016-11-15T19:13:42","guid":{"rendered":"https:\/\/rhenoy.nl\/demontage-autos\/"},"modified":"2017-10-23T16:47:35","modified_gmt":"2017-10-23T14:47:35","slug":"demontage-autos","status":"publish","type":"page","link":"https:\/\/rhenoy.nl\/de\/dienstleistungen\/demontage-autos\/","title":{"rendered":"Demontage Autos"},"content":{"rendered":"<p>Hierunter sehen Sie eine \u00dcbersicht der Demontage Autos die wir f\u00fcr Autoteile zur Verf\u00fcgung haben. Unser Vorrat wird t\u00e4glich angef\u00fcllt. Sehen Sie Ihr gesuchtes Auto hier nicht? Kontaktieren Sie uns dann damit wir Sie beraten k\u00f6nnen zum aktuellen Vorrat.<\/p>\n","protected":false},"excerpt":{"rendered":"<p>Hierunter sehen Sie eine \u00dcbersicht der Demontage Autos die wir f\u00fcr Autoteile zur Verf\u00fcgung haben. Unser Vorrat wird t\u00e4glich angef\u00fcllt. Sehen Sie Ihr gesuchtes Auto hier nicht? Kontaktieren Sie uns dann damit wir Sie beraten k\u00f6nnen zum aktuellen Vorrat.<\/p>\n","protected":false},"author":1,"featured_media":0,"parent":295,"menu_order":0,"comment_status":"closed","ping_status":"closed","template":"dismantled-cars.php","meta":{"_acf_changed":false,"footnotes":""},"class_list":["post-279","page","type-page","status-publish","hentry"],"acf":[],"yoast_head":"<!-- This site is optimized with the Yoast SEO plugin v27.4 - https:\/\/yoast.com\/product\/yoast-seo-wordpress\/ -->\n<title>Demontage Autos - Rhenoy<\/title>\n<meta name=\"robots\" content=\"index, follow, max-snippet:-1, max-image-preview:large, max-video-preview:-1\" \/>\n<meta property=\"og:locale\" content=\"de_DE\" \/>\n<meta property=\"og:type\" content=\"article\" \/>\n<meta property=\"og:title\" content=\"Demontage Autos - Rhenoy\" \/>\n<meta property=\"og:description\" content=\"Hierunter sehen Sie eine \u00dcbersicht der Demontage Autos die wir f\u00fcr Autoteile zur Verf\u00fcgung haben. Unser Vorrat wird t\u00e4glich angef\u00fcllt. Sehen Sie Ihr gesuchtes Auto hier nicht? Kontaktieren Sie uns dann damit wir Sie beraten k\u00f6nnen zum aktuellen Vorrat.\" \/>\n<meta property=\"og:url\" content=\"https:\/\/rhenoy.nl\/de\/dienstleistungen\/demontage-autos\/\" \/>\n<meta property=\"og:site_name\" content=\"Rhenoy\" \/>\n<meta property=\"article:modified_time\" content=\"2017-10-23T14:47:35+00:00\" \/>\n<meta name=\"twitter:card\" content=\"summary_large_image\" \/>\n<script type=\"application\/ld+json\" class=\"yoast-schema-graph\">{\"@context\":\"https:\\\/\\\/schema.org\",\"@graph\":[{\"@type\":\"WebPage\",\"@id\":\"https:\\\/\\\/rhenoy.nl\\\/de\\\/dienstleistungen\\\/demontage-autos\\\/\",\"url\":\"https:\\\/\\\/rhenoy.nl\\\/de\\\/dienstleistungen\\\/demontage-autos\\\/\",\"name\":\"Demontage Autos - Rhenoy\",\"isPartOf\":{\"@id\":\"https:\\\/\\\/rhenoy.nl\\\/#website\"},\"datePublished\":\"2016-11-15T19:13:42+00:00\",\"dateModified\":\"2017-10-23T14:47:35+00:00\",\"breadcrumb\":{\"@id\":\"https:\\\/\\\/rhenoy.nl\\\/de\\\/dienstleistungen\\\/demontage-autos\\\/#breadcrumb\"},\"inLanguage\":\"de\",\"potentialAction\":[{\"@type\":\"ReadAction\",\"target\":[\"https:\\\/\\\/rhenoy.nl\\\/de\\\/dienstleistungen\\\/demontage-autos\\\/\"]}]},{\"@type\":\"BreadcrumbList\",\"@id\":\"https:\\\/\\\/rhenoy.nl\\\/de\\\/dienstleistungen\\\/demontage-autos\\\/#breadcrumb\",\"itemListElement\":[{\"@type\":\"ListItem\",\"position\":1,\"name\":\"Home\",\"item\":\"https:\\\/\\\/rhenoy.nl\\\/de\\\/\"},{\"@type\":\"ListItem\",\"position\":2,\"name\":\"Dienstleistungen\",\"item\":\"https:\\\/\\\/rhenoy.nl\\\/de\\\/dienstleistungen\\\/\"},{\"@type\":\"ListItem\",\"position\":3,\"name\":\"Demontage Autos\"}]},{\"@type\":\"WebSite\",\"@id\":\"https:\\\/\\\/rhenoy.nl\\\/#website\",\"url\":\"https:\\\/\\\/rhenoy.nl\\\/\",\"name\":\"Rhenoy\",\"description\":\"\",\"potentialAction\":[{\"@type\":\"SearchAction\",\"target\":{\"@type\":\"EntryPoint\",\"urlTemplate\":\"https:\\\/\\\/rhenoy.nl\\\/?s={search_term_string}\"},\"query-input\":{\"@type\":\"PropertyValueSpecification\",\"valueRequired\":true,\"valueName\":\"search_term_string\"}}],\"inLanguage\":\"de\"}]}<\/script>\n<!-- \/ Yoast SEO plugin. -->","yoast_head_json":{"title":"Demontage Autos - Rhenoy","robots":{"index":"index","follow":"follow","max-snippet":"max-snippet:-1","max-image-preview":"max-image-preview:large","max-video-preview":"max-video-preview:-1"},"og_locale":"de_DE","og_type":"article","og_title":"Demontage Autos - Rhenoy","og_description":"Hierunter sehen Sie eine \u00dcbersicht der Demontage Autos die wir f\u00fcr Autoteile zur Verf\u00fcgung haben. Unser Vorrat wird t\u00e4glich angef\u00fcllt. Sehen Sie Ihr gesuchtes Auto hier nicht? Kontaktieren Sie uns dann damit wir Sie beraten k\u00f6nnen zum aktuellen Vorrat.","og_url":"https:\/\/rhenoy.nl\/de\/dienstleistungen\/demontage-autos\/","og_site_name":"Rhenoy","article_modified_time":"2017-10-23T14:47:35+00:00","twitter_card":"summary_large_image","schema":{"@context":"https:\/\/schema.org","@graph":[{"@type":"WebPage","@id":"https:\/\/rhenoy.nl\/de\/dienstleistungen\/demontage-autos\/","url":"https:\/\/rhenoy.nl\/de\/dienstleistungen\/demontage-autos\/","name":"Demontage Autos - Rhenoy","isPartOf":{"@id":"https:\/\/rhenoy.nl\/#website"},"datePublished":"2016-11-15T19:13:42+00:00","dateModified":"2017-10-23T14:47:35+00:00","breadcrumb":{"@id":"https:\/\/rhenoy.nl\/de\/dienstleistungen\/demontage-autos\/#breadcrumb"},"inLanguage":"de","potentialAction":[{"@type":"ReadAction","target":["https:\/\/rhenoy.nl\/de\/dienstleistungen\/demontage-autos\/"]}]},{"@type":"BreadcrumbList","@id":"https:\/\/rhenoy.nl\/de\/dienstleistungen\/demontage-autos\/#breadcrumb","itemListElement":[{"@type":"ListItem","position":1,"name":"Home","item":"https:\/\/rhenoy.nl\/de\/"},{"@type":"ListItem","position":2,"name":"Dienstleistungen","item":"https:\/\/rhenoy.nl\/de\/dienstleistungen\/"},{"@type":"ListItem","position":3,"name":"Demontage Autos"}]},{"@type":"WebSite","@id":"https:\/\/rhenoy.nl\/#website","url":"https:\/\/rhenoy.nl\/","name":"Rhenoy","description":"","potentialAction":[{"@type":"SearchAction","target":{"@type":"EntryPoint","urlTemplate":"https:\/\/rhenoy.nl\/?s={search_term_string}"},"query-input":{"@type":"PropertyValueSpecification","valueRequired":true,"valueName":"search_term_string"}}],"inLanguage":"de"}]}},"_links":{"self":[{"href":"https:\/\/rhenoy.nl\/de\/wp-json\/wp\/v2\/pages\/279","targetHints":{"allow":["GET"]}}],"collection":[{"href":"https:\/\/rhenoy.nl\/de\/wp-json\/wp\/v2\/pages"}],"about":[{"href":"https:\/\/rhenoy.nl\/de\/wp-json\/wp\/v2\/types\/page"}],"author":[{"embeddable":true,"href":"https:\/\/rhenoy.nl\/de\/wp-json\/wp\/v2\/users\/1"}],"replies":[{"embeddable":true,"href":"https:\/\/rhenoy.nl\/de\/wp-json\/wp\/v2\/comments?post=279"}],"version-history":[{"count":0,"href":"https:\/\/rhenoy.nl\/de\/wp-json\/wp\/v2\/pages\/279\/revisions"}],"up":[{"embeddable":true,"href":"https:\/\/rhenoy.nl\/de\/wp-json\/wp\/v2\/pages\/295"}],"wp:attachment":[{"href":"https:\/\/rhenoy.nl\/de\/wp-json\/wp\/v2\/media?parent=279"}],"curies":[{"name":"wp","href":"https:\/\/api.w.org\/{rel}","templated":true}]}}