{"id":281,"date":"2016-11-15T20:14:00","date_gmt":"2016-11-15T19:14:00","guid":{"rendered":"https:\/\/rhenoy.nl\/uw-auto-verkopen\/"},"modified":"2017-10-23T16:49:18","modified_gmt":"2017-10-23T14:49:18","slug":"ihr-auto-verkaufen","status":"publish","type":"page","link":"https:\/\/rhenoy.nl\/de\/dienstleistungen\/ihr-auto-verkaufen\/","title":{"rendered":"Ihr Auto verkaufen"},"content":{"rendered":"<p>Dank unserer jahrelangen Erfahrung auf dem Gebiet von (besch\u00e4digten) Autos sind wir im Stande einen ehrlichen und marktkonformen Preis f\u00fcr Ihr Auto abzugeben. Sie tragen Ihr Auto auf dieser Seite ein und wir regeln die Abhandlung. So k\u00f6nnen Sie mit nur einem Druck auf den Versandknopf den gesamten Verkaufsprozess abschlie\u00dfen.<\/p>\n<h2>Wie funktioniert es?<\/h2>\n<p>In sechs einfachen Schritten k\u00f6nnen Sie Ihr besch\u00e4digtes Auto verkaufen:<\/p>\n<ul>\n<li>Schritt 1: Tragen Sie dieses Formular so vollst\u00e4ndig wie m\u00f6glich ein.<\/li>\n<li>Schritt 2: Wir bieten f\u00fcr Ihr Auto.<\/li>\n<li>Schritt 3: Wenn Sie das Angebot akzeptieren, regeln wir die weitere Abhandlung.<\/li>\n<li>Schritt 4: Wir holen das Auto bei Ihnen ab.<\/li>\n<li>Schritt 5: Sie erhalten von uns einen Schutz.<\/li>\n<li>Schritt 6: Wir \u00fcberweisen das Geld auf Ihr Konto.<\/li>\n<\/ul>\n<p>&nbsp;<\/p>\n","protected":false},"excerpt":{"rendered":"<p>Dank unserer jahrelangen Erfahrung auf dem Gebiet von (besch\u00e4digten) Autos sind wir im Stande einen ehrlichen und marktkonformen Preis f\u00fcr Ihr Auto abzugeben. Sie tragen Ihr Auto auf dieser Seite ein und wir regeln die Abhandlung. So k\u00f6nnen Sie mit nur einem Druck auf den Versandknopf den gesamten Verkaufsprozess abschlie\u00dfen. Wie funktioniert es? In sechs [&hellip;]<\/p>\n","protected":false},"author":1,"featured_media":0,"parent":295,"menu_order":0,"comment_status":"closed","ping_status":"closed","template":"page-sell-cars.php","meta":{"_acf_changed":false,"footnotes":""},"class_list":["post-281","page","type-page","status-publish","hentry"],"acf":[],"yoast_head":"<!-- This site is optimized with the Yoast SEO plugin v27.4 - https:\/\/yoast.com\/product\/yoast-seo-wordpress\/ -->\n<title>Ihr Auto verkaufen - Rhenoy<\/title>\n<meta name=\"robots\" content=\"index, follow, max-snippet:-1, max-image-preview:large, max-video-preview:-1\" \/>\n<meta property=\"og:locale\" content=\"de_DE\" \/>\n<meta property=\"og:type\" content=\"article\" \/>\n<meta property=\"og:title\" content=\"Ihr Auto verkaufen - Rhenoy\" \/>\n<meta property=\"og:description\" content=\"Dank unserer jahrelangen Erfahrung auf dem Gebiet von (besch\u00e4digten) Autos sind wir im Stande einen ehrlichen und marktkonformen Preis f\u00fcr Ihr Auto abzugeben. Sie tragen Ihr Auto auf dieser Seite ein und wir regeln die Abhandlung. So k\u00f6nnen Sie mit nur einem Druck auf den Versandknopf den gesamten Verkaufsprozess abschlie\u00dfen. Wie funktioniert es? In sechs [&hellip;]\" \/>\n<meta property=\"og:url\" content=\"https:\/\/rhenoy.nl\/de\/dienstleistungen\/ihr-auto-verkaufen\/\" \/>\n<meta property=\"og:site_name\" content=\"Rhenoy\" \/>\n<meta property=\"article:modified_time\" content=\"2017-10-23T14:49:18+00:00\" \/>\n<meta name=\"twitter:card\" content=\"summary_large_image\" \/>\n<meta name=\"twitter:label1\" content=\"Gesch\u00e4tzte Lesezeit\" \/>\n\t<meta name=\"twitter:data1\" content=\"1\u00a0Minute\" \/>\n<script type=\"application\/ld+json\" class=\"yoast-schema-graph\">{\"@context\":\"https:\\\/\\\/schema.org\",\"@graph\":[{\"@type\":\"WebPage\",\"@id\":\"https:\\\/\\\/rhenoy.nl\\\/de\\\/dienstleistungen\\\/ihr-auto-verkaufen\\\/\",\"url\":\"https:\\\/\\\/rhenoy.nl\\\/de\\\/dienstleistungen\\\/ihr-auto-verkaufen\\\/\",\"name\":\"Ihr Auto verkaufen - Rhenoy\",\"isPartOf\":{\"@id\":\"https:\\\/\\\/rhenoy.nl\\\/#website\"},\"datePublished\":\"2016-11-15T19:14:00+00:00\",\"dateModified\":\"2017-10-23T14:49:18+00:00\",\"breadcrumb\":{\"@id\":\"https:\\\/\\\/rhenoy.nl\\\/de\\\/dienstleistungen\\\/ihr-auto-verkaufen\\\/#breadcrumb\"},\"inLanguage\":\"de\",\"potentialAction\":[{\"@type\":\"ReadAction\",\"target\":[\"https:\\\/\\\/rhenoy.nl\\\/de\\\/dienstleistungen\\\/ihr-auto-verkaufen\\\/\"]}]},{\"@type\":\"BreadcrumbList\",\"@id\":\"https:\\\/\\\/rhenoy.nl\\\/de\\\/dienstleistungen\\\/ihr-auto-verkaufen\\\/#breadcrumb\",\"itemListElement\":[{\"@type\":\"ListItem\",\"position\":1,\"name\":\"Home\",\"item\":\"https:\\\/\\\/rhenoy.nl\\\/de\\\/\"},{\"@type\":\"ListItem\",\"position\":2,\"name\":\"Dienstleistungen\",\"item\":\"https:\\\/\\\/rhenoy.nl\\\/de\\\/dienstleistungen\\\/\"},{\"@type\":\"ListItem\",\"position\":3,\"name\":\"Ihr Auto verkaufen\"}]},{\"@type\":\"WebSite\",\"@id\":\"https:\\\/\\\/rhenoy.nl\\\/#website\",\"url\":\"https:\\\/\\\/rhenoy.nl\\\/\",\"name\":\"Rhenoy\",\"description\":\"\",\"potentialAction\":[{\"@type\":\"SearchAction\",\"target\":{\"@type\":\"EntryPoint\",\"urlTemplate\":\"https:\\\/\\\/rhenoy.nl\\\/?s={search_term_string}\"},\"query-input\":{\"@type\":\"PropertyValueSpecification\",\"valueRequired\":true,\"valueName\":\"search_term_string\"}}],\"inLanguage\":\"de\"}]}<\/script>\n<!-- \/ Yoast SEO plugin. -->","yoast_head_json":{"title":"Ihr Auto verkaufen - Rhenoy","robots":{"index":"index","follow":"follow","max-snippet":"max-snippet:-1","max-image-preview":"max-image-preview:large","max-video-preview":"max-video-preview:-1"},"og_locale":"de_DE","og_type":"article","og_title":"Ihr Auto verkaufen - Rhenoy","og_description":"Dank unserer jahrelangen Erfahrung auf dem Gebiet von (besch\u00e4digten) Autos sind wir im Stande einen ehrlichen und marktkonformen Preis f\u00fcr Ihr Auto abzugeben. Sie tragen Ihr Auto auf dieser Seite ein und wir regeln die Abhandlung. So k\u00f6nnen Sie mit nur einem Druck auf den Versandknopf den gesamten Verkaufsprozess abschlie\u00dfen. Wie funktioniert es? In sechs [&hellip;]","og_url":"https:\/\/rhenoy.nl\/de\/dienstleistungen\/ihr-auto-verkaufen\/","og_site_name":"Rhenoy","article_modified_time":"2017-10-23T14:49:18+00:00","twitter_card":"summary_large_image","twitter_misc":{"Gesch\u00e4tzte Lesezeit":"1\u00a0Minute"},"schema":{"@context":"https:\/\/schema.org","@graph":[{"@type":"WebPage","@id":"https:\/\/rhenoy.nl\/de\/dienstleistungen\/ihr-auto-verkaufen\/","url":"https:\/\/rhenoy.nl\/de\/dienstleistungen\/ihr-auto-verkaufen\/","name":"Ihr Auto verkaufen - Rhenoy","isPartOf":{"@id":"https:\/\/rhenoy.nl\/#website"},"datePublished":"2016-11-15T19:14:00+00:00","dateModified":"2017-10-23T14:49:18+00:00","breadcrumb":{"@id":"https:\/\/rhenoy.nl\/de\/dienstleistungen\/ihr-auto-verkaufen\/#breadcrumb"},"inLanguage":"de","potentialAction":[{"@type":"ReadAction","target":["https:\/\/rhenoy.nl\/de\/dienstleistungen\/ihr-auto-verkaufen\/"]}]},{"@type":"BreadcrumbList","@id":"https:\/\/rhenoy.nl\/de\/dienstleistungen\/ihr-auto-verkaufen\/#breadcrumb","itemListElement":[{"@type":"ListItem","position":1,"name":"Home","item":"https:\/\/rhenoy.nl\/de\/"},{"@type":"ListItem","position":2,"name":"Dienstleistungen","item":"https:\/\/rhenoy.nl\/de\/dienstleistungen\/"},{"@type":"ListItem","position":3,"name":"Ihr Auto verkaufen"}]},{"@type":"WebSite","@id":"https:\/\/rhenoy.nl\/#website","url":"https:\/\/rhenoy.nl\/","name":"Rhenoy","description":"","potentialAction":[{"@type":"SearchAction","target":{"@type":"EntryPoint","urlTemplate":"https:\/\/rhenoy.nl\/?s={search_term_string}"},"query-input":{"@type":"PropertyValueSpecification","valueRequired":true,"valueName":"search_term_string"}}],"inLanguage":"de"}]}},"_links":{"self":[{"href":"https:\/\/rhenoy.nl\/de\/wp-json\/wp\/v2\/pages\/281","targetHints":{"allow":["GET"]}}],"collection":[{"href":"https:\/\/rhenoy.nl\/de\/wp-json\/wp\/v2\/pages"}],"about":[{"href":"https:\/\/rhenoy.nl\/de\/wp-json\/wp\/v2\/types\/page"}],"author":[{"embeddable":true,"href":"https:\/\/rhenoy.nl\/de\/wp-json\/wp\/v2\/users\/1"}],"replies":[{"embeddable":true,"href":"https:\/\/rhenoy.nl\/de\/wp-json\/wp\/v2\/comments?post=281"}],"version-history":[{"count":0,"href":"https:\/\/rhenoy.nl\/de\/wp-json\/wp\/v2\/pages\/281\/revisions"}],"up":[{"embeddable":true,"href":"https:\/\/rhenoy.nl\/de\/wp-json\/wp\/v2\/pages\/295"}],"wp:attachment":[{"href":"https:\/\/rhenoy.nl\/de\/wp-json\/wp\/v2\/media?parent=281"}],"curies":[{"name":"wp","href":"https:\/\/api.w.org\/{rel}","templated":true}]}}