{"id":282,"date":"2016-11-15T20:14:49","date_gmt":"2016-11-15T19:14:49","guid":{"rendered":"https:\/\/rhenoy.nl\/rhenoy-autos\/"},"modified":"2017-10-23T16:51:34","modified_gmt":"2017-10-23T14:51:34","slug":"rhenoy-autos","status":"publish","type":"page","link":"https:\/\/rhenoy.nl\/de\/abteilungen\/rhenoy-autos\/","title":{"rendered":"Rhenoy Autos"},"content":{"rendered":"<p>T\u00e4glich erhalten wir neue Wagen und den Vorrat besch\u00e4digter Autos k\u00f6nnen <a href=\"https:\/\/rhenoy.nl\/de\/beschaedigte-autos\/\">Sie hier sehen<\/a>. Befindet sich das von Ihnen gesuchte Auto nicht dazwischen? Kontaktieren Sie uns dann kurz. Unser Vorrat besch\u00e4digter Autos \u00e4ndert sich fortw\u00e4hrend und somit ist es gut m\u00f6glich dass das Demontage Auto welches Sie suchen dennoch vorr\u00e4tig ist. Kontaktieren Sie uns damit wir Sie beraten k\u00f6nnen zum aktuellen Vorrat.<\/p>\n","protected":false},"excerpt":{"rendered":"<p>T\u00e4glich erhalten wir neue Wagen und den Vorrat besch\u00e4digter Autos k\u00f6nnen Sie hier sehen. Befindet sich das von Ihnen gesuchte Auto nicht dazwischen? Kontaktieren Sie uns dann kurz. Unser Vorrat besch\u00e4digter Autos \u00e4ndert sich fortw\u00e4hrend und somit ist es gut m\u00f6glich dass das Demontage Auto welches Sie suchen dennoch vorr\u00e4tig ist. Kontaktieren Sie uns damit [&hellip;]<\/p>\n","protected":false},"author":1,"featured_media":0,"parent":294,"menu_order":0,"comment_status":"closed","ping_status":"closed","template":"","meta":{"_acf_changed":false,"footnotes":""},"class_list":["post-282","page","type-page","status-publish","hentry"],"acf":[],"yoast_head":"<!-- This site is optimized with the Yoast SEO plugin v27.4 - https:\/\/yoast.com\/product\/yoast-seo-wordpress\/ -->\n<title>Rhenoy Autos - Rhenoy<\/title>\n<meta name=\"robots\" content=\"index, follow, max-snippet:-1, max-image-preview:large, max-video-preview:-1\" \/>\n<meta property=\"og:locale\" content=\"de_DE\" \/>\n<meta property=\"og:type\" content=\"article\" \/>\n<meta property=\"og:title\" content=\"Rhenoy Autos - Rhenoy\" \/>\n<meta property=\"og:description\" content=\"T\u00e4glich erhalten wir neue Wagen und den Vorrat besch\u00e4digter Autos k\u00f6nnen Sie hier sehen. Befindet sich das von Ihnen gesuchte Auto nicht dazwischen? Kontaktieren Sie uns dann kurz. Unser Vorrat besch\u00e4digter Autos \u00e4ndert sich fortw\u00e4hrend und somit ist es gut m\u00f6glich dass das Demontage Auto welches Sie suchen dennoch vorr\u00e4tig ist. Kontaktieren Sie uns damit [&hellip;]\" \/>\n<meta property=\"og:url\" content=\"https:\/\/rhenoy.nl\/de\/abteilungen\/rhenoy-autos\/\" \/>\n<meta property=\"og:site_name\" content=\"Rhenoy\" \/>\n<meta property=\"article:modified_time\" content=\"2017-10-23T14:51:34+00:00\" \/>\n<meta name=\"twitter:card\" content=\"summary_large_image\" \/>\n<script type=\"application\/ld+json\" class=\"yoast-schema-graph\">{\"@context\":\"https:\\\/\\\/schema.org\",\"@graph\":[{\"@type\":\"WebPage\",\"@id\":\"https:\\\/\\\/rhenoy.nl\\\/de\\\/abteilungen\\\/rhenoy-autos\\\/\",\"url\":\"https:\\\/\\\/rhenoy.nl\\\/de\\\/abteilungen\\\/rhenoy-autos\\\/\",\"name\":\"Rhenoy Autos - Rhenoy\",\"isPartOf\":{\"@id\":\"https:\\\/\\\/rhenoy.nl\\\/#website\"},\"datePublished\":\"2016-11-15T19:14:49+00:00\",\"dateModified\":\"2017-10-23T14:51:34+00:00\",\"breadcrumb\":{\"@id\":\"https:\\\/\\\/rhenoy.nl\\\/de\\\/abteilungen\\\/rhenoy-autos\\\/#breadcrumb\"},\"inLanguage\":\"de\",\"potentialAction\":[{\"@type\":\"ReadAction\",\"target\":[\"https:\\\/\\\/rhenoy.nl\\\/de\\\/abteilungen\\\/rhenoy-autos\\\/\"]}]},{\"@type\":\"BreadcrumbList\",\"@id\":\"https:\\\/\\\/rhenoy.nl\\\/de\\\/abteilungen\\\/rhenoy-autos\\\/#breadcrumb\",\"itemListElement\":[{\"@type\":\"ListItem\",\"position\":1,\"name\":\"Home\",\"item\":\"https:\\\/\\\/rhenoy.nl\\\/de\\\/\"},{\"@type\":\"ListItem\",\"position\":2,\"name\":\"Abteilungen\",\"item\":\"https:\\\/\\\/rhenoy.nl\\\/de\\\/abteilungen\\\/\"},{\"@type\":\"ListItem\",\"position\":3,\"name\":\"Rhenoy Autos\"}]},{\"@type\":\"WebSite\",\"@id\":\"https:\\\/\\\/rhenoy.nl\\\/#website\",\"url\":\"https:\\\/\\\/rhenoy.nl\\\/\",\"name\":\"Rhenoy\",\"description\":\"\",\"potentialAction\":[{\"@type\":\"SearchAction\",\"target\":{\"@type\":\"EntryPoint\",\"urlTemplate\":\"https:\\\/\\\/rhenoy.nl\\\/?s={search_term_string}\"},\"query-input\":{\"@type\":\"PropertyValueSpecification\",\"valueRequired\":true,\"valueName\":\"search_term_string\"}}],\"inLanguage\":\"de\"}]}<\/script>\n<!-- \/ Yoast SEO plugin. -->","yoast_head_json":{"title":"Rhenoy Autos - Rhenoy","robots":{"index":"index","follow":"follow","max-snippet":"max-snippet:-1","max-image-preview":"max-image-preview:large","max-video-preview":"max-video-preview:-1"},"og_locale":"de_DE","og_type":"article","og_title":"Rhenoy Autos - Rhenoy","og_description":"T\u00e4glich erhalten wir neue Wagen und den Vorrat besch\u00e4digter Autos k\u00f6nnen Sie hier sehen. Befindet sich das von Ihnen gesuchte Auto nicht dazwischen? Kontaktieren Sie uns dann kurz. Unser Vorrat besch\u00e4digter Autos \u00e4ndert sich fortw\u00e4hrend und somit ist es gut m\u00f6glich dass das Demontage Auto welches Sie suchen dennoch vorr\u00e4tig ist. Kontaktieren Sie uns damit [&hellip;]","og_url":"https:\/\/rhenoy.nl\/de\/abteilungen\/rhenoy-autos\/","og_site_name":"Rhenoy","article_modified_time":"2017-10-23T14:51:34+00:00","twitter_card":"summary_large_image","schema":{"@context":"https:\/\/schema.org","@graph":[{"@type":"WebPage","@id":"https:\/\/rhenoy.nl\/de\/abteilungen\/rhenoy-autos\/","url":"https:\/\/rhenoy.nl\/de\/abteilungen\/rhenoy-autos\/","name":"Rhenoy Autos - Rhenoy","isPartOf":{"@id":"https:\/\/rhenoy.nl\/#website"},"datePublished":"2016-11-15T19:14:49+00:00","dateModified":"2017-10-23T14:51:34+00:00","breadcrumb":{"@id":"https:\/\/rhenoy.nl\/de\/abteilungen\/rhenoy-autos\/#breadcrumb"},"inLanguage":"de","potentialAction":[{"@type":"ReadAction","target":["https:\/\/rhenoy.nl\/de\/abteilungen\/rhenoy-autos\/"]}]},{"@type":"BreadcrumbList","@id":"https:\/\/rhenoy.nl\/de\/abteilungen\/rhenoy-autos\/#breadcrumb","itemListElement":[{"@type":"ListItem","position":1,"name":"Home","item":"https:\/\/rhenoy.nl\/de\/"},{"@type":"ListItem","position":2,"name":"Abteilungen","item":"https:\/\/rhenoy.nl\/de\/abteilungen\/"},{"@type":"ListItem","position":3,"name":"Rhenoy Autos"}]},{"@type":"WebSite","@id":"https:\/\/rhenoy.nl\/#website","url":"https:\/\/rhenoy.nl\/","name":"Rhenoy","description":"","potentialAction":[{"@type":"SearchAction","target":{"@type":"EntryPoint","urlTemplate":"https:\/\/rhenoy.nl\/?s={search_term_string}"},"query-input":{"@type":"PropertyValueSpecification","valueRequired":true,"valueName":"search_term_string"}}],"inLanguage":"de"}]}},"_links":{"self":[{"href":"https:\/\/rhenoy.nl\/de\/wp-json\/wp\/v2\/pages\/282","targetHints":{"allow":["GET"]}}],"collection":[{"href":"https:\/\/rhenoy.nl\/de\/wp-json\/wp\/v2\/pages"}],"about":[{"href":"https:\/\/rhenoy.nl\/de\/wp-json\/wp\/v2\/types\/page"}],"author":[{"embeddable":true,"href":"https:\/\/rhenoy.nl\/de\/wp-json\/wp\/v2\/users\/1"}],"replies":[{"embeddable":true,"href":"https:\/\/rhenoy.nl\/de\/wp-json\/wp\/v2\/comments?post=282"}],"version-history":[{"count":0,"href":"https:\/\/rhenoy.nl\/de\/wp-json\/wp\/v2\/pages\/282\/revisions"}],"up":[{"embeddable":true,"href":"https:\/\/rhenoy.nl\/de\/wp-json\/wp\/v2\/pages\/294"}],"wp:attachment":[{"href":"https:\/\/rhenoy.nl\/de\/wp-json\/wp\/v2\/media?parent=282"}],"curies":[{"name":"wp","href":"https:\/\/api.w.org\/{rel}","templated":true}]}}