{"id":283,"date":"2017-01-18T11:45:10","date_gmt":"2017-01-18T10:45:10","guid":{"rendered":"https:\/\/rhenoy.nl\/rhenoy-onderdelen\/"},"modified":"2017-10-23T16:52:26","modified_gmt":"2017-10-23T14:52:26","slug":"rhenoy-autoteile","status":"publish","type":"page","link":"https:\/\/rhenoy.nl\/de\/abteilungen\/rhenoy-autoteile\/","title":{"rendered":"Rhenoy Autoteile"},"content":{"rendered":"<p>Das Angebot wird nicht nur fortw\u00e4hrend angef\u00fcllt indem junge besch\u00e4digte Autos demontiert werden. Als Partner der meisten europ\u00e4ischen Automarken erhalten wir einen fortw\u00e4hrenden Strom von Autoteilen von den Fabrikanten zu Rhenoy Autoteile. Benutzte Autoteile sind eine gute Alternative um eine kosteng\u00fcnstige Reparatur zu erreichen. Die kontrollierten Prozesse und Einsicht in die Herkunft der Teile garantieren die Qualit\u00e4t; dies alles wird noch zus\u00e4tzlich benachdruckt mit dem ISO 9001 Zertifikat, der internationalen Anforderung f\u00fcr Qualit\u00e4tsmanagement.<\/p>\n<p>Neben benutzten Teilen liefern Rhenoy Autoteile BV auch ein breites Angebot ausgebesserter Teile um die Verf\u00fcgbarkeit auf dem richtigen Niveau zu halten. Sollte ein Autoteil nicht auffindbar sein in unserem Angebot, kontaktieren Sie uns dann. Neben dem ausgiebigen Angebot k\u00f6nnen wir Auftr\u00e4ge \u00e4ndern und Alternativen anbieten.<\/p>\n","protected":false},"excerpt":{"rendered":"<p>Das Angebot wird nicht nur fortw\u00e4hrend angef\u00fcllt indem junge besch\u00e4digte Autos demontiert werden. Als Partner der meisten europ\u00e4ischen Automarken erhalten wir einen fortw\u00e4hrenden Strom von Autoteilen von den Fabrikanten zu Rhenoy Autoteile. Benutzte Autoteile sind eine gute Alternative um eine kosteng\u00fcnstige Reparatur zu erreichen. Die kontrollierten Prozesse und Einsicht in die Herkunft der Teile garantieren [&hellip;]<\/p>\n","protected":false},"author":1,"featured_media":0,"parent":294,"menu_order":0,"comment_status":"closed","ping_status":"closed","template":"","meta":{"_acf_changed":false,"footnotes":""},"class_list":["post-283","page","type-page","status-publish","hentry"],"acf":[],"yoast_head":"<!-- This site is optimized with the Yoast SEO plugin v27.4 - https:\/\/yoast.com\/product\/yoast-seo-wordpress\/ -->\n<title>Rhenoy Autoteile - Rhenoy<\/title>\n<meta name=\"robots\" content=\"index, follow, max-snippet:-1, max-image-preview:large, max-video-preview:-1\" \/>\n<meta property=\"og:locale\" content=\"de_DE\" \/>\n<meta property=\"og:type\" content=\"article\" \/>\n<meta property=\"og:title\" content=\"Rhenoy Autoteile - Rhenoy\" \/>\n<meta property=\"og:description\" content=\"Das Angebot wird nicht nur fortw\u00e4hrend angef\u00fcllt indem junge besch\u00e4digte Autos demontiert werden. Als Partner der meisten europ\u00e4ischen Automarken erhalten wir einen fortw\u00e4hrenden Strom von Autoteilen von den Fabrikanten zu Rhenoy Autoteile. Benutzte Autoteile sind eine gute Alternative um eine kosteng\u00fcnstige Reparatur zu erreichen. Die kontrollierten Prozesse und Einsicht in die Herkunft der Teile garantieren [&hellip;]\" \/>\n<meta property=\"og:url\" content=\"https:\/\/rhenoy.nl\/de\/abteilungen\/rhenoy-autoteile\/\" \/>\n<meta property=\"og:site_name\" content=\"Rhenoy\" \/>\n<meta property=\"article:modified_time\" content=\"2017-10-23T14:52:26+00:00\" \/>\n<meta name=\"twitter:card\" content=\"summary_large_image\" \/>\n<meta name=\"twitter:label1\" content=\"Gesch\u00e4tzte Lesezeit\" \/>\n\t<meta name=\"twitter:data1\" content=\"1\u00a0Minute\" \/>\n<script type=\"application\/ld+json\" class=\"yoast-schema-graph\">{\"@context\":\"https:\\\/\\\/schema.org\",\"@graph\":[{\"@type\":\"WebPage\",\"@id\":\"https:\\\/\\\/rhenoy.nl\\\/de\\\/abteilungen\\\/rhenoy-autoteile\\\/\",\"url\":\"https:\\\/\\\/rhenoy.nl\\\/de\\\/abteilungen\\\/rhenoy-autoteile\\\/\",\"name\":\"Rhenoy Autoteile - Rhenoy\",\"isPartOf\":{\"@id\":\"https:\\\/\\\/rhenoy.nl\\\/#website\"},\"datePublished\":\"2017-01-18T10:45:10+00:00\",\"dateModified\":\"2017-10-23T14:52:26+00:00\",\"breadcrumb\":{\"@id\":\"https:\\\/\\\/rhenoy.nl\\\/de\\\/abteilungen\\\/rhenoy-autoteile\\\/#breadcrumb\"},\"inLanguage\":\"de\",\"potentialAction\":[{\"@type\":\"ReadAction\",\"target\":[\"https:\\\/\\\/rhenoy.nl\\\/de\\\/abteilungen\\\/rhenoy-autoteile\\\/\"]}]},{\"@type\":\"BreadcrumbList\",\"@id\":\"https:\\\/\\\/rhenoy.nl\\\/de\\\/abteilungen\\\/rhenoy-autoteile\\\/#breadcrumb\",\"itemListElement\":[{\"@type\":\"ListItem\",\"position\":1,\"name\":\"Home\",\"item\":\"https:\\\/\\\/rhenoy.nl\\\/de\\\/\"},{\"@type\":\"ListItem\",\"position\":2,\"name\":\"Abteilungen\",\"item\":\"https:\\\/\\\/rhenoy.nl\\\/de\\\/abteilungen\\\/\"},{\"@type\":\"ListItem\",\"position\":3,\"name\":\"Rhenoy Autoteile\"}]},{\"@type\":\"WebSite\",\"@id\":\"https:\\\/\\\/rhenoy.nl\\\/#website\",\"url\":\"https:\\\/\\\/rhenoy.nl\\\/\",\"name\":\"Rhenoy\",\"description\":\"\",\"potentialAction\":[{\"@type\":\"SearchAction\",\"target\":{\"@type\":\"EntryPoint\",\"urlTemplate\":\"https:\\\/\\\/rhenoy.nl\\\/?s={search_term_string}\"},\"query-input\":{\"@type\":\"PropertyValueSpecification\",\"valueRequired\":true,\"valueName\":\"search_term_string\"}}],\"inLanguage\":\"de\"}]}<\/script>\n<!-- \/ Yoast SEO plugin. -->","yoast_head_json":{"title":"Rhenoy Autoteile - Rhenoy","robots":{"index":"index","follow":"follow","max-snippet":"max-snippet:-1","max-image-preview":"max-image-preview:large","max-video-preview":"max-video-preview:-1"},"og_locale":"de_DE","og_type":"article","og_title":"Rhenoy Autoteile - Rhenoy","og_description":"Das Angebot wird nicht nur fortw\u00e4hrend angef\u00fcllt indem junge besch\u00e4digte Autos demontiert werden. Als Partner der meisten europ\u00e4ischen Automarken erhalten wir einen fortw\u00e4hrenden Strom von Autoteilen von den Fabrikanten zu Rhenoy Autoteile. Benutzte Autoteile sind eine gute Alternative um eine kosteng\u00fcnstige Reparatur zu erreichen. Die kontrollierten Prozesse und Einsicht in die Herkunft der Teile garantieren [&hellip;]","og_url":"https:\/\/rhenoy.nl\/de\/abteilungen\/rhenoy-autoteile\/","og_site_name":"Rhenoy","article_modified_time":"2017-10-23T14:52:26+00:00","twitter_card":"summary_large_image","twitter_misc":{"Gesch\u00e4tzte Lesezeit":"1\u00a0Minute"},"schema":{"@context":"https:\/\/schema.org","@graph":[{"@type":"WebPage","@id":"https:\/\/rhenoy.nl\/de\/abteilungen\/rhenoy-autoteile\/","url":"https:\/\/rhenoy.nl\/de\/abteilungen\/rhenoy-autoteile\/","name":"Rhenoy Autoteile - Rhenoy","isPartOf":{"@id":"https:\/\/rhenoy.nl\/#website"},"datePublished":"2017-01-18T10:45:10+00:00","dateModified":"2017-10-23T14:52:26+00:00","breadcrumb":{"@id":"https:\/\/rhenoy.nl\/de\/abteilungen\/rhenoy-autoteile\/#breadcrumb"},"inLanguage":"de","potentialAction":[{"@type":"ReadAction","target":["https:\/\/rhenoy.nl\/de\/abteilungen\/rhenoy-autoteile\/"]}]},{"@type":"BreadcrumbList","@id":"https:\/\/rhenoy.nl\/de\/abteilungen\/rhenoy-autoteile\/#breadcrumb","itemListElement":[{"@type":"ListItem","position":1,"name":"Home","item":"https:\/\/rhenoy.nl\/de\/"},{"@type":"ListItem","position":2,"name":"Abteilungen","item":"https:\/\/rhenoy.nl\/de\/abteilungen\/"},{"@type":"ListItem","position":3,"name":"Rhenoy Autoteile"}]},{"@type":"WebSite","@id":"https:\/\/rhenoy.nl\/#website","url":"https:\/\/rhenoy.nl\/","name":"Rhenoy","description":"","potentialAction":[{"@type":"SearchAction","target":{"@type":"EntryPoint","urlTemplate":"https:\/\/rhenoy.nl\/?s={search_term_string}"},"query-input":{"@type":"PropertyValueSpecification","valueRequired":true,"valueName":"search_term_string"}}],"inLanguage":"de"}]}},"_links":{"self":[{"href":"https:\/\/rhenoy.nl\/de\/wp-json\/wp\/v2\/pages\/283","targetHints":{"allow":["GET"]}}],"collection":[{"href":"https:\/\/rhenoy.nl\/de\/wp-json\/wp\/v2\/pages"}],"about":[{"href":"https:\/\/rhenoy.nl\/de\/wp-json\/wp\/v2\/types\/page"}],"author":[{"embeddable":true,"href":"https:\/\/rhenoy.nl\/de\/wp-json\/wp\/v2\/users\/1"}],"replies":[{"embeddable":true,"href":"https:\/\/rhenoy.nl\/de\/wp-json\/wp\/v2\/comments?post=283"}],"version-history":[{"count":0,"href":"https:\/\/rhenoy.nl\/de\/wp-json\/wp\/v2\/pages\/283\/revisions"}],"up":[{"embeddable":true,"href":"https:\/\/rhenoy.nl\/de\/wp-json\/wp\/v2\/pages\/294"}],"wp:attachment":[{"href":"https:\/\/rhenoy.nl\/de\/wp-json\/wp\/v2\/media?parent=283"}],"curies":[{"name":"wp","href":"https:\/\/api.w.org\/{rel}","templated":true}]}}