{"id":297,"date":"2016-11-15T20:15:00","date_gmt":"2016-11-15T19:15:00","guid":{"rendered":"https:\/\/rhenoy.nl\/abteilungen\/approved-green\/"},"modified":"2017-10-23T16:57:53","modified_gmt":"2017-10-23T14:57:53","slug":"approved-green","status":"publish","type":"page","link":"https:\/\/rhenoy.nl\/de\/abteilungen\/approved-green\/","title":{"rendered":"Approved Green"},"content":{"rendered":"<p style=\"text-align: right;\"><a class=\"btn btn-primary btn-lg\" href=\"https:\/\/www.approvedgreen.nl\/\" target=\"_blank\" rel=\"noopener\">Zur Website <i class=\"fa fa-caret-right\"><\/i><\/a><\/p>\n<p>&nbsp;<\/p>\n<p>Neben Motoren, Transmissionen, Turbos und Dieseltechnik finden Sie auch Autoteile wie Steuerh\u00e4user, Steuerpumpen, Klimapumpen und Elektronik. Approved Green ist ein europ\u00e4isches Konzept welches haupts\u00e4chlich benutzt wird von unabh\u00e4ngigen Autobetrieben um ihren Kunden eine g\u00fcnstige Alternative zu bieten. Ein Netzwerk von Zwischenh\u00e4ndlern vertritt in jedem Land dieses Konzept.<\/p>\n","protected":false},"excerpt":{"rendered":"<p>Zur Website &nbsp; Neben Motoren, Transmissionen, Turbos und Dieseltechnik finden Sie auch Autoteile wie Steuerh\u00e4user, Steuerpumpen, Klimapumpen und Elektronik. Approved Green ist ein europ\u00e4isches Konzept welches haupts\u00e4chlich benutzt wird von unabh\u00e4ngigen Autobetrieben um ihren Kunden eine g\u00fcnstige Alternative zu bieten. Ein Netzwerk von Zwischenh\u00e4ndlern vertritt in jedem Land dieses Konzept.<\/p>\n","protected":false},"author":1,"featured_media":0,"parent":294,"menu_order":0,"comment_status":"closed","ping_status":"closed","template":"","meta":{"_acf_changed":false,"footnotes":""},"class_list":["post-297","page","type-page","status-publish","hentry"],"acf":[],"yoast_head":"<!-- This site is optimized with the Yoast SEO plugin v27.4 - https:\/\/yoast.com\/product\/yoast-seo-wordpress\/ -->\n<title>Approved Green - Rhenoy<\/title>\n<meta name=\"robots\" content=\"index, follow, max-snippet:-1, max-image-preview:large, max-video-preview:-1\" \/>\n<meta property=\"og:locale\" content=\"de_DE\" \/>\n<meta property=\"og:type\" content=\"article\" \/>\n<meta property=\"og:title\" content=\"Approved Green - Rhenoy\" \/>\n<meta property=\"og:description\" content=\"Zur Website &nbsp; Neben Motoren, Transmissionen, Turbos und Dieseltechnik finden Sie auch Autoteile wie Steuerh\u00e4user, Steuerpumpen, Klimapumpen und Elektronik. Approved Green ist ein europ\u00e4isches Konzept welches haupts\u00e4chlich benutzt wird von unabh\u00e4ngigen Autobetrieben um ihren Kunden eine g\u00fcnstige Alternative zu bieten. Ein Netzwerk von Zwischenh\u00e4ndlern vertritt in jedem Land dieses Konzept.\" \/>\n<meta property=\"og:url\" content=\"https:\/\/rhenoy.nl\/de\/abteilungen\/approved-green\/\" \/>\n<meta property=\"og:site_name\" content=\"Rhenoy\" \/>\n<meta property=\"article:modified_time\" content=\"2017-10-23T14:57:53+00:00\" \/>\n<meta name=\"twitter:card\" content=\"summary_large_image\" \/>\n<script type=\"application\/ld+json\" class=\"yoast-schema-graph\">{\"@context\":\"https:\\\/\\\/schema.org\",\"@graph\":[{\"@type\":\"WebPage\",\"@id\":\"https:\\\/\\\/rhenoy.nl\\\/de\\\/abteilungen\\\/approved-green\\\/\",\"url\":\"https:\\\/\\\/rhenoy.nl\\\/de\\\/abteilungen\\\/approved-green\\\/\",\"name\":\"Approved Green - Rhenoy\",\"isPartOf\":{\"@id\":\"https:\\\/\\\/rhenoy.nl\\\/#website\"},\"datePublished\":\"2016-11-15T19:15:00+00:00\",\"dateModified\":\"2017-10-23T14:57:53+00:00\",\"breadcrumb\":{\"@id\":\"https:\\\/\\\/rhenoy.nl\\\/de\\\/abteilungen\\\/approved-green\\\/#breadcrumb\"},\"inLanguage\":\"de\",\"potentialAction\":[{\"@type\":\"ReadAction\",\"target\":[\"https:\\\/\\\/rhenoy.nl\\\/de\\\/abteilungen\\\/approved-green\\\/\"]}]},{\"@type\":\"BreadcrumbList\",\"@id\":\"https:\\\/\\\/rhenoy.nl\\\/de\\\/abteilungen\\\/approved-green\\\/#breadcrumb\",\"itemListElement\":[{\"@type\":\"ListItem\",\"position\":1,\"name\":\"Home\",\"item\":\"https:\\\/\\\/rhenoy.nl\\\/de\\\/\"},{\"@type\":\"ListItem\",\"position\":2,\"name\":\"Abteilungen\",\"item\":\"https:\\\/\\\/rhenoy.nl\\\/de\\\/abteilungen\\\/\"},{\"@type\":\"ListItem\",\"position\":3,\"name\":\"Approved Green\"}]},{\"@type\":\"WebSite\",\"@id\":\"https:\\\/\\\/rhenoy.nl\\\/#website\",\"url\":\"https:\\\/\\\/rhenoy.nl\\\/\",\"name\":\"Rhenoy\",\"description\":\"\",\"potentialAction\":[{\"@type\":\"SearchAction\",\"target\":{\"@type\":\"EntryPoint\",\"urlTemplate\":\"https:\\\/\\\/rhenoy.nl\\\/?s={search_term_string}\"},\"query-input\":{\"@type\":\"PropertyValueSpecification\",\"valueRequired\":true,\"valueName\":\"search_term_string\"}}],\"inLanguage\":\"de\"}]}<\/script>\n<!-- \/ Yoast SEO plugin. -->","yoast_head_json":{"title":"Approved Green - Rhenoy","robots":{"index":"index","follow":"follow","max-snippet":"max-snippet:-1","max-image-preview":"max-image-preview:large","max-video-preview":"max-video-preview:-1"},"og_locale":"de_DE","og_type":"article","og_title":"Approved Green - Rhenoy","og_description":"Zur Website &nbsp; Neben Motoren, Transmissionen, Turbos und Dieseltechnik finden Sie auch Autoteile wie Steuerh\u00e4user, Steuerpumpen, Klimapumpen und Elektronik. Approved Green ist ein europ\u00e4isches Konzept welches haupts\u00e4chlich benutzt wird von unabh\u00e4ngigen Autobetrieben um ihren Kunden eine g\u00fcnstige Alternative zu bieten. Ein Netzwerk von Zwischenh\u00e4ndlern vertritt in jedem Land dieses Konzept.","og_url":"https:\/\/rhenoy.nl\/de\/abteilungen\/approved-green\/","og_site_name":"Rhenoy","article_modified_time":"2017-10-23T14:57:53+00:00","twitter_card":"summary_large_image","schema":{"@context":"https:\/\/schema.org","@graph":[{"@type":"WebPage","@id":"https:\/\/rhenoy.nl\/de\/abteilungen\/approved-green\/","url":"https:\/\/rhenoy.nl\/de\/abteilungen\/approved-green\/","name":"Approved Green - Rhenoy","isPartOf":{"@id":"https:\/\/rhenoy.nl\/#website"},"datePublished":"2016-11-15T19:15:00+00:00","dateModified":"2017-10-23T14:57:53+00:00","breadcrumb":{"@id":"https:\/\/rhenoy.nl\/de\/abteilungen\/approved-green\/#breadcrumb"},"inLanguage":"de","potentialAction":[{"@type":"ReadAction","target":["https:\/\/rhenoy.nl\/de\/abteilungen\/approved-green\/"]}]},{"@type":"BreadcrumbList","@id":"https:\/\/rhenoy.nl\/de\/abteilungen\/approved-green\/#breadcrumb","itemListElement":[{"@type":"ListItem","position":1,"name":"Home","item":"https:\/\/rhenoy.nl\/de\/"},{"@type":"ListItem","position":2,"name":"Abteilungen","item":"https:\/\/rhenoy.nl\/de\/abteilungen\/"},{"@type":"ListItem","position":3,"name":"Approved Green"}]},{"@type":"WebSite","@id":"https:\/\/rhenoy.nl\/#website","url":"https:\/\/rhenoy.nl\/","name":"Rhenoy","description":"","potentialAction":[{"@type":"SearchAction","target":{"@type":"EntryPoint","urlTemplate":"https:\/\/rhenoy.nl\/?s={search_term_string}"},"query-input":{"@type":"PropertyValueSpecification","valueRequired":true,"valueName":"search_term_string"}}],"inLanguage":"de"}]}},"_links":{"self":[{"href":"https:\/\/rhenoy.nl\/de\/wp-json\/wp\/v2\/pages\/297","targetHints":{"allow":["GET"]}}],"collection":[{"href":"https:\/\/rhenoy.nl\/de\/wp-json\/wp\/v2\/pages"}],"about":[{"href":"https:\/\/rhenoy.nl\/de\/wp-json\/wp\/v2\/types\/page"}],"author":[{"embeddable":true,"href":"https:\/\/rhenoy.nl\/de\/wp-json\/wp\/v2\/users\/1"}],"replies":[{"embeddable":true,"href":"https:\/\/rhenoy.nl\/de\/wp-json\/wp\/v2\/comments?post=297"}],"version-history":[{"count":0,"href":"https:\/\/rhenoy.nl\/de\/wp-json\/wp\/v2\/pages\/297\/revisions"}],"up":[{"embeddable":true,"href":"https:\/\/rhenoy.nl\/de\/wp-json\/wp\/v2\/pages\/294"}],"wp:attachment":[{"href":"https:\/\/rhenoy.nl\/de\/wp-json\/wp\/v2\/media?parent=297"}],"curies":[{"name":"wp","href":"https:\/\/api.w.org\/{rel}","templated":true}]}}