{"id":300,"date":"2016-11-15T20:14:36","date_gmt":"2016-11-15T19:14:36","guid":{"rendered":"https:\/\/rhenoy.nl\/abteilungen\/tsc-waardenburg\/"},"modified":"2017-10-23T17:00:07","modified_gmt":"2017-10-23T15:00:07","slug":"tsc-waardenburg","status":"publish","type":"page","link":"https:\/\/rhenoy.nl\/de\/abteilungen\/tsc-waardenburg\/","title":{"rendered":"TSC Waardenburg"},"content":{"rendered":"<p>Im Laufe der Jahre begannen auch Autobetriebe immer mehr unsere Spezialisierungen zu beanspruchen. Ein Team erster Mechaniker steht bereit um die Autoteile f\u00fcr Sie einzubauen.<\/p>\n<p>M\u00fcssen Sie eine gro\u00dfe technische Reparatur oder die Ersetzung einer gro\u00dfen Komponente an Ihrem Auto durchf\u00fchren, kontaktieren Sie uns dann. Indem wir die Optionen neuer, ausgebesserter und benutzter Autoteile kombinieren mit der jahrelangen Erfahrung unserer Mechaniker, bieten wir ihnen eine passende L\u00f6sung, sowohl bei der Qualit\u00e4t als auch beim Preis.<\/p>\n","protected":false},"excerpt":{"rendered":"<p>Im Laufe der Jahre begannen auch Autobetriebe immer mehr unsere Spezialisierungen zu beanspruchen. Ein Team erster Mechaniker steht bereit um die Autoteile f\u00fcr Sie einzubauen. M\u00fcssen Sie eine gro\u00dfe technische Reparatur oder die Ersetzung einer gro\u00dfen Komponente an Ihrem Auto durchf\u00fchren, kontaktieren Sie uns dann. Indem wir die Optionen neuer, ausgebesserter und benutzter Autoteile kombinieren [&hellip;]<\/p>\n","protected":false},"author":1,"featured_media":0,"parent":294,"menu_order":0,"comment_status":"closed","ping_status":"closed","template":"","meta":{"_acf_changed":false,"footnotes":""},"class_list":["post-300","page","type-page","status-publish","hentry"],"acf":[],"yoast_head":"<!-- This site is optimized with the Yoast SEO plugin v27.4 - https:\/\/yoast.com\/product\/yoast-seo-wordpress\/ -->\n<title>TSC Waardenburg - Rhenoy<\/title>\n<meta name=\"robots\" content=\"index, follow, max-snippet:-1, max-image-preview:large, max-video-preview:-1\" \/>\n<meta property=\"og:locale\" content=\"de_DE\" \/>\n<meta property=\"og:type\" content=\"article\" \/>\n<meta property=\"og:title\" content=\"TSC Waardenburg - Rhenoy\" \/>\n<meta property=\"og:description\" content=\"Im Laufe der Jahre begannen auch Autobetriebe immer mehr unsere Spezialisierungen zu beanspruchen. Ein Team erster Mechaniker steht bereit um die Autoteile f\u00fcr Sie einzubauen. M\u00fcssen Sie eine gro\u00dfe technische Reparatur oder die Ersetzung einer gro\u00dfen Komponente an Ihrem Auto durchf\u00fchren, kontaktieren Sie uns dann. Indem wir die Optionen neuer, ausgebesserter und benutzter Autoteile kombinieren [&hellip;]\" \/>\n<meta property=\"og:url\" content=\"https:\/\/rhenoy.nl\/de\/abteilungen\/tsc-waardenburg\/\" \/>\n<meta property=\"og:site_name\" content=\"Rhenoy\" \/>\n<meta property=\"article:modified_time\" content=\"2017-10-23T15:00:07+00:00\" \/>\n<meta name=\"twitter:card\" content=\"summary_large_image\" \/>\n<script type=\"application\/ld+json\" class=\"yoast-schema-graph\">{\"@context\":\"https:\\\/\\\/schema.org\",\"@graph\":[{\"@type\":\"WebPage\",\"@id\":\"https:\\\/\\\/rhenoy.nl\\\/de\\\/abteilungen\\\/tsc-waardenburg\\\/\",\"url\":\"https:\\\/\\\/rhenoy.nl\\\/de\\\/abteilungen\\\/tsc-waardenburg\\\/\",\"name\":\"TSC Waardenburg - Rhenoy\",\"isPartOf\":{\"@id\":\"https:\\\/\\\/rhenoy.nl\\\/#website\"},\"datePublished\":\"2016-11-15T19:14:36+00:00\",\"dateModified\":\"2017-10-23T15:00:07+00:00\",\"breadcrumb\":{\"@id\":\"https:\\\/\\\/rhenoy.nl\\\/de\\\/abteilungen\\\/tsc-waardenburg\\\/#breadcrumb\"},\"inLanguage\":\"de\",\"potentialAction\":[{\"@type\":\"ReadAction\",\"target\":[\"https:\\\/\\\/rhenoy.nl\\\/de\\\/abteilungen\\\/tsc-waardenburg\\\/\"]}]},{\"@type\":\"BreadcrumbList\",\"@id\":\"https:\\\/\\\/rhenoy.nl\\\/de\\\/abteilungen\\\/tsc-waardenburg\\\/#breadcrumb\",\"itemListElement\":[{\"@type\":\"ListItem\",\"position\":1,\"name\":\"Home\",\"item\":\"https:\\\/\\\/rhenoy.nl\\\/de\\\/\"},{\"@type\":\"ListItem\",\"position\":2,\"name\":\"Abteilungen\",\"item\":\"https:\\\/\\\/rhenoy.nl\\\/de\\\/abteilungen\\\/\"},{\"@type\":\"ListItem\",\"position\":3,\"name\":\"TSC Waardenburg\"}]},{\"@type\":\"WebSite\",\"@id\":\"https:\\\/\\\/rhenoy.nl\\\/#website\",\"url\":\"https:\\\/\\\/rhenoy.nl\\\/\",\"name\":\"Rhenoy\",\"description\":\"\",\"potentialAction\":[{\"@type\":\"SearchAction\",\"target\":{\"@type\":\"EntryPoint\",\"urlTemplate\":\"https:\\\/\\\/rhenoy.nl\\\/?s={search_term_string}\"},\"query-input\":{\"@type\":\"PropertyValueSpecification\",\"valueRequired\":true,\"valueName\":\"search_term_string\"}}],\"inLanguage\":\"de\"}]}<\/script>\n<!-- \/ Yoast SEO plugin. -->","yoast_head_json":{"title":"TSC Waardenburg - Rhenoy","robots":{"index":"index","follow":"follow","max-snippet":"max-snippet:-1","max-image-preview":"max-image-preview:large","max-video-preview":"max-video-preview:-1"},"og_locale":"de_DE","og_type":"article","og_title":"TSC Waardenburg - Rhenoy","og_description":"Im Laufe der Jahre begannen auch Autobetriebe immer mehr unsere Spezialisierungen zu beanspruchen. Ein Team erster Mechaniker steht bereit um die Autoteile f\u00fcr Sie einzubauen. M\u00fcssen Sie eine gro\u00dfe technische Reparatur oder die Ersetzung einer gro\u00dfen Komponente an Ihrem Auto durchf\u00fchren, kontaktieren Sie uns dann. Indem wir die Optionen neuer, ausgebesserter und benutzter Autoteile kombinieren [&hellip;]","og_url":"https:\/\/rhenoy.nl\/de\/abteilungen\/tsc-waardenburg\/","og_site_name":"Rhenoy","article_modified_time":"2017-10-23T15:00:07+00:00","twitter_card":"summary_large_image","schema":{"@context":"https:\/\/schema.org","@graph":[{"@type":"WebPage","@id":"https:\/\/rhenoy.nl\/de\/abteilungen\/tsc-waardenburg\/","url":"https:\/\/rhenoy.nl\/de\/abteilungen\/tsc-waardenburg\/","name":"TSC Waardenburg - Rhenoy","isPartOf":{"@id":"https:\/\/rhenoy.nl\/#website"},"datePublished":"2016-11-15T19:14:36+00:00","dateModified":"2017-10-23T15:00:07+00:00","breadcrumb":{"@id":"https:\/\/rhenoy.nl\/de\/abteilungen\/tsc-waardenburg\/#breadcrumb"},"inLanguage":"de","potentialAction":[{"@type":"ReadAction","target":["https:\/\/rhenoy.nl\/de\/abteilungen\/tsc-waardenburg\/"]}]},{"@type":"BreadcrumbList","@id":"https:\/\/rhenoy.nl\/de\/abteilungen\/tsc-waardenburg\/#breadcrumb","itemListElement":[{"@type":"ListItem","position":1,"name":"Home","item":"https:\/\/rhenoy.nl\/de\/"},{"@type":"ListItem","position":2,"name":"Abteilungen","item":"https:\/\/rhenoy.nl\/de\/abteilungen\/"},{"@type":"ListItem","position":3,"name":"TSC Waardenburg"}]},{"@type":"WebSite","@id":"https:\/\/rhenoy.nl\/#website","url":"https:\/\/rhenoy.nl\/","name":"Rhenoy","description":"","potentialAction":[{"@type":"SearchAction","target":{"@type":"EntryPoint","urlTemplate":"https:\/\/rhenoy.nl\/?s={search_term_string}"},"query-input":{"@type":"PropertyValueSpecification","valueRequired":true,"valueName":"search_term_string"}}],"inLanguage":"de"}]}},"_links":{"self":[{"href":"https:\/\/rhenoy.nl\/de\/wp-json\/wp\/v2\/pages\/300","targetHints":{"allow":["GET"]}}],"collection":[{"href":"https:\/\/rhenoy.nl\/de\/wp-json\/wp\/v2\/pages"}],"about":[{"href":"https:\/\/rhenoy.nl\/de\/wp-json\/wp\/v2\/types\/page"}],"author":[{"embeddable":true,"href":"https:\/\/rhenoy.nl\/de\/wp-json\/wp\/v2\/users\/1"}],"replies":[{"embeddable":true,"href":"https:\/\/rhenoy.nl\/de\/wp-json\/wp\/v2\/comments?post=300"}],"version-history":[{"count":0,"href":"https:\/\/rhenoy.nl\/de\/wp-json\/wp\/v2\/pages\/300\/revisions"}],"up":[{"embeddable":true,"href":"https:\/\/rhenoy.nl\/de\/wp-json\/wp\/v2\/pages\/294"}],"wp:attachment":[{"href":"https:\/\/rhenoy.nl\/de\/wp-json\/wp\/v2\/media?parent=300"}],"curies":[{"name":"wp","href":"https:\/\/api.w.org\/{rel}","templated":true}]}}